{"id":1143,"date":"2023-06-14T09:20:29","date_gmt":"2023-06-14T09:20:29","guid":{"rendered":"https:\/\/szelekert.hu\/?post_type=product&#038;p=1143"},"modified":"2023-06-14T09:55:04","modified_gmt":"2023-06-14T09:55:04","slug":"ensete-venricosum-maurelli-voros-levelu-banan","status":"publish","type":"product","link":"https:\/\/szelekert.hu\/index.php\/termek\/ensete-venricosum-maurelli-voros-levelu-banan\/","title":{"rendered":"ENSETE VENRICOSUM MAURELLI-V\u00d6R\u00d6S LEVEL\u0170 BAN\u00c1N"},"content":{"rendered":"<p><strong><a href=\"https:\/\/szelekert.hu\/wp-content\/uploads\/2023\/06\/IMG_57771-1.heic\"><img decoding=\"async\" class=\"alignnone size-full wp-image-1150\" src=\"https:\/\/szelekert.hu\/wp-content\/uploads\/2023\/06\/IMG_57771-1.heic\" alt=\"\" \/><\/a>A legszebb d\u00edszban\u00e1n. Kilimandzs\u00e1r\u00f3 2300 m\u00e9teres magaslatair\u00f3l sz\u00e1rmazik. Ott ak\u00e1r 12 m\u00e9tert is el\u00e9rhet 6 m hossz\u00fa levelekkel, \u00e9s robusztus \u00e1tm\u00e9r\u0151j\u0171 t\u00f6rzzsel. S\u00f6t\u00e9tz\u00f6ld level\u00e9nek k\u00f6zep\u00e9n fut\u00f3 f\u0151 \u00e9r v\u00f6r\u00f6s, \u00e9le b\u00edbor sz\u00edn\u0171, r\u00f6vid lev\u00e9lnyele szint\u00e9n v\u00f6r\u00f6s. Impoz\u00e1ns fajta, igazi \u00f3ri\u00e1s. Ban\u00e1nunkat c\u00e9lszer\u0171 az els\u0151 \u00e9vben ed\u00e9nyben nevelni, \u00e9s csak a k\u00f6vetkez\u0151 \u00e9vben, meger\u0151s\u00f6dve ki\u00fcltetni.<\/strong><\/p>\n<p><strong>Tavasszal a j\u00f3 id\u0151 be\u00e1llt\u00e1val \u00fcltess\u00fck ki a kertbe, oda, ahol legal\u00e1bb 6 \u00f3r\u00e1n kereszt\u00fcl s\u00fcti a nap. Az \u00fcltet\u0151 g\u00f6d\u00f6r k\u00f6r\u00fclbel\u00fcl 50x50x50 cm-es legyen. Ezt t\u00f6lts\u00fck fel \u00e1ltal\u00e1nos vir\u00e1gf\u00f6lddel, amihez \u00e9rett szarvasmarhatr\u00e1gy\u00e1t (20 liter) \u00e9s mohat\u0151zeget (20 liter) kevert\u00fcnk. A ny\u00e1ri h\u0151s\u00e9gben naponta 10\u201320 liter vizet ig\u00e9nyel, minden nap b\u0151s\u00e9gesen locsoljuk. Nagyon t\u00e1panyagig\u00e9nyes n\u00f6v\u00e9ny, k\u00f6r\u00fclbel\u00fcl k\u00e9thetente rakjunk a t\u00f6v\u00e9re friss vagy \u00e9rett szarvasmarhatr\u00e1gy\u00e1t, \u00e9s kap\u00e1ljuk bele a f\u00f6ldbe, \u00fagy, hogy a gy\u00f6kerei ne s\u00e9r\u00fcljenek meg. Az abessz\u00edn ban\u00e1nt, ha ny\u00e1ron ki\u00fcltett\u00fck a szabadba, \u0151sszel ki kell \u00e1sni, \u00e9s fagymentesen teleltetni.<\/strong><\/p>\n<p><strong>Cser\u00e9pben, d\u00e9zs\u00e1ban is nevelhet\u0151.<\/strong><\/p>\n<p><strong>Jelenlegi m\u00e9ret 150 cm<\/strong><\/p>\n","protected":false},"excerpt":{"rendered":"<h3>A N\u00d6V\u00c9NYT CSAK SZEM\u00c9LYESEN LEHET MEGV\u00c1S\u00c1ROLNI!<\/h3>\n","protected":false},"featured_media":0,"comment_status":"open","ping_status":"closed","template":"","meta":{"_et_pb_use_builder":"","_et_pb_old_content":"","_et_gb_content_width":""},"product_cat":[21],"product_tag":[],"class_list":["post-1143","product","type-product","status-publish","hentry","product_cat-banan"],"_links":{"self":[{"href":"https:\/\/szelekert.hu\/index.php\/wp-json\/wp\/v2\/product\/1143","targetHints":{"allow":["GET"]}}],"collection":[{"href":"https:\/\/szelekert.hu\/index.php\/wp-json\/wp\/v2\/product"}],"about":[{"href":"https:\/\/szelekert.hu\/index.php\/wp-json\/wp\/v2\/types\/product"}],"replies":[{"embeddable":true,"href":"https:\/\/szelekert.hu\/index.php\/wp-json\/wp\/v2\/comments?post=1143"}],"wp:attachment":[{"href":"https:\/\/szelekert.hu\/index.php\/wp-json\/wp\/v2\/media?parent=1143"}],"wp:term":[{"taxonomy":"product_cat","embeddable":true,"href":"https:\/\/szelekert.hu\/index.php\/wp-json\/wp\/v2\/product_cat?post=1143"},{"taxonomy":"product_tag","embeddable":true,"href":"https:\/\/szelekert.hu\/index.php\/wp-json\/wp\/v2\/product_tag?post=1143"}],"curies":[{"name":"wp","href":"https:\/\/api.w.org\/{rel}","templated":true}]}}